{"id":406,"date":"2021-01-05T18:34:33","date_gmt":"2021-01-05T18:34:33","guid":{"rendered":"https:\/\/mh-installation-redawn.eu\/greencertificates\/"},"modified":"2024-02-29T16:46:51","modified_gmt":"2024-02-29T16:46:51","slug":"greencertificates","status":"publish","type":"page","link":"https:\/\/micro-hidricas-redawn.eu\/pt-pt\/greencertificates\/","title":{"rendered":"Cr\u00e9ditos de Carbono"},"content":{"rendered":"<p>Os Certificados Verdes s\u00e3o um benef\u00edcio adicional da produ\u00e7\u00e3o de energia verde e podem ser obtidos e negociados sempre que se produza energia renov\u00e1vel e, como tal, podem ser reivindicados por Micro Produtores Hidroel\u00e9ctricos.<\/p>\n<ul>\n<li>Os certificados verdes s\u00e3o negoci\u00e1veis<\/li>\n<li>Representam o valor ambiental da energia verde<\/li>\n<li>1 MWh de produ\u00e7\u00e3o renov\u00e1vel = 1 certificado verde<\/li>\n<li>Comprovativo de importa\u00e7\u00e3o\/exporta\u00e7\u00e3o RE<\/li>\n<li>Garantia de origem<\/li>\n<li>Pode ser negociado atrav\u00e9s das fronteiras do pa\u00eds<\/li>\n<li>Supere as restri\u00e7\u00f5es f\u00edsicas de transfer\u00eancia el\u00e9trica<\/li>\n<li>A oferta e a demanda de ER n\u00e3o precisam ocorrer ao mesmo tempo<\/li>\n<\/ul>\n<p>Exemplo: Uma Micro-H\u00eddrica de 5kW pode produzir 21 MWh\/ano ou mais.<\/p>\n","protected":false},"excerpt":{"rendered":"<p>Os Certificados Verdes s\u00e3o um benef\u00edcio adicional da produ\u00e7\u00e3o de energia verde e podem ser obtidos e negociados sempre que se produza energia renov\u00e1vel e, como<span class=\"excerpt-hellip\"> [\u2026]<\/span><\/p>\n","protected":false},"author":1,"featured_media":0,"parent":0,"menu_order":0,"comment_status":"closed","ping_status":"closed","template":"","meta":[],"yoast_head":"<!-- This site is optimized with the Yoast SEO plugin v17.6 - https:\/\/yoast.com\/wordpress\/plugins\/seo\/ -->\n<title>Cr\u00e9ditos de Carbono - Micro Hydros<\/title>\n<meta name=\"robots\" content=\"index, follow, max-snippet:-1, max-image-preview:large, max-video-preview:-1\" \/>\n<link rel=\"canonical\" href=\"https:\/\/micro-hidricas-redawn.eu\/pt-pt\/greencertificates\/\" \/>\n<meta property=\"og:locale\" content=\"pt_PT\" \/>\n<meta property=\"og:type\" content=\"article\" \/>\n<meta property=\"og:title\" content=\"Cr\u00e9ditos de Carbono - Micro Hydros\" \/>\n<meta property=\"og:description\" content=\"Os Certificados Verdes s\u00e3o um benef\u00edcio adicional da produ\u00e7\u00e3o de energia verde e podem ser obtidos e negociados sempre que se produza energia renov\u00e1vel e, como [\u2026]\" \/>\n<meta property=\"og:url\" content=\"https:\/\/micro-hidricas-redawn.eu\/pt-pt\/greencertificates\/\" \/>\n<meta property=\"og:site_name\" content=\"Micro Hydros\" \/>\n<meta property=\"article:modified_time\" content=\"2024-02-29T16:46:51+00:00\" \/>\n<meta name=\"twitter:card\" content=\"summary_large_image\" \/>\n<meta name=\"twitter:label1\" content=\"Tempo estimado de leitura\" \/>\n\t<meta name=\"twitter:data1\" content=\"1 minuto\" \/>\n<script type=\"application\/ld+json\" class=\"yoast-schema-graph\">{\"@context\":\"https:\/\/schema.org\",\"@graph\":[{\"@type\":\"WebSite\",\"@id\":\"https:\/\/micro-hidricas-redawn.eu\/#website\",\"url\":\"https:\/\/micro-hidricas-redawn.eu\/\",\"name\":\"Micro Hydros\",\"description\":\"Create Your Energy\",\"potentialAction\":[{\"@type\":\"SearchAction\",\"target\":{\"@type\":\"EntryPoint\",\"urlTemplate\":\"https:\/\/micro-hidricas-redawn.eu\/?s={search_term_string}\"},\"query-input\":\"required name=search_term_string\"}],\"inLanguage\":\"pt-PT\"},{\"@type\":\"WebPage\",\"@id\":\"https:\/\/micro-hidricas-redawn.eu\/pt-pt\/greencertificates\/#webpage\",\"url\":\"https:\/\/micro-hidricas-redawn.eu\/pt-pt\/greencertificates\/\",\"name\":\"Cr\\u00e9ditos de Carbono - Micro Hydros\",\"isPartOf\":{\"@id\":\"https:\/\/micro-hidricas-redawn.eu\/#website\"},\"datePublished\":\"2021-01-05T18:34:33+00:00\",\"dateModified\":\"2024-02-29T16:46:51+00:00\",\"breadcrumb\":{\"@id\":\"https:\/\/micro-hidricas-redawn.eu\/pt-pt\/greencertificates\/#breadcrumb\"},\"inLanguage\":\"pt-PT\",\"potentialAction\":[{\"@type\":\"ReadAction\",\"target\":[\"https:\/\/micro-hidricas-redawn.eu\/pt-pt\/greencertificates\/\"]}]},{\"@type\":\"BreadcrumbList\",\"@id\":\"https:\/\/micro-hidricas-redawn.eu\/pt-pt\/greencertificates\/#breadcrumb\",\"itemListElement\":[{\"@type\":\"ListItem\",\"position\":1,\"name\":\"Home\",\"item\":\"https:\/\/micro-hidricas-redawn.eu\/pt-pt\/\"},{\"@type\":\"ListItem\",\"position\":2,\"name\":\"Cr\\u00e9ditos de Carbono\"}]}]}<\/script>\n<!-- \/ Yoast SEO plugin. -->","yoast_head_json":{"title":"Cr\u00e9ditos de Carbono - Micro Hydros","robots":{"index":"index","follow":"follow","max-snippet":"max-snippet:-1","max-image-preview":"max-image-preview:large","max-video-preview":"max-video-preview:-1"},"canonical":"https:\/\/micro-hidricas-redawn.eu\/pt-pt\/greencertificates\/","og_locale":"pt_PT","og_type":"article","og_title":"Cr\u00e9ditos de Carbono - Micro Hydros","og_description":"Os Certificados Verdes s\u00e3o um benef\u00edcio adicional da produ\u00e7\u00e3o de energia verde e podem ser obtidos e negociados sempre que se produza energia renov\u00e1vel e, como [\u2026]","og_url":"https:\/\/micro-hidricas-redawn.eu\/pt-pt\/greencertificates\/","og_site_name":"Micro Hydros","article_modified_time":"2024-02-29T16:46:51+00:00","twitter_card":"summary_large_image","twitter_misc":{"Tempo estimado de leitura":"1 minuto"},"schema":{"@context":"https:\/\/schema.org","@graph":[{"@type":"WebSite","@id":"https:\/\/micro-hidricas-redawn.eu\/#website","url":"https:\/\/micro-hidricas-redawn.eu\/","name":"Micro Hydros","description":"Create Your Energy","potentialAction":[{"@type":"SearchAction","target":{"@type":"EntryPoint","urlTemplate":"https:\/\/micro-hidricas-redawn.eu\/?s={search_term_string}"},"query-input":"required name=search_term_string"}],"inLanguage":"pt-PT"},{"@type":"WebPage","@id":"https:\/\/micro-hidricas-redawn.eu\/pt-pt\/greencertificates\/#webpage","url":"https:\/\/micro-hidricas-redawn.eu\/pt-pt\/greencertificates\/","name":"Cr\u00e9ditos de Carbono - Micro Hydros","isPartOf":{"@id":"https:\/\/micro-hidricas-redawn.eu\/#website"},"datePublished":"2021-01-05T18:34:33+00:00","dateModified":"2024-02-29T16:46:51+00:00","breadcrumb":{"@id":"https:\/\/micro-hidricas-redawn.eu\/pt-pt\/greencertificates\/#breadcrumb"},"inLanguage":"pt-PT","potentialAction":[{"@type":"ReadAction","target":["https:\/\/micro-hidricas-redawn.eu\/pt-pt\/greencertificates\/"]}]},{"@type":"BreadcrumbList","@id":"https:\/\/micro-hidricas-redawn.eu\/pt-pt\/greencertificates\/#breadcrumb","itemListElement":[{"@type":"ListItem","position":1,"name":"Home","item":"https:\/\/micro-hidricas-redawn.eu\/pt-pt\/"},{"@type":"ListItem","position":2,"name":"Cr\u00e9ditos de Carbono"}]}]}},"_links":{"self":[{"href":"https:\/\/micro-hidricas-redawn.eu\/pt-pt\/wp-json\/wp\/v2\/pages\/406"}],"collection":[{"href":"https:\/\/micro-hidricas-redawn.eu\/pt-pt\/wp-json\/wp\/v2\/pages"}],"about":[{"href":"https:\/\/micro-hidricas-redawn.eu\/pt-pt\/wp-json\/wp\/v2\/types\/page"}],"author":[{"embeddable":true,"href":"https:\/\/micro-hidricas-redawn.eu\/pt-pt\/wp-json\/wp\/v2\/users\/1"}],"replies":[{"embeddable":true,"href":"https:\/\/micro-hidricas-redawn.eu\/pt-pt\/wp-json\/wp\/v2\/comments?post=406"}],"version-history":[{"count":4,"href":"https:\/\/micro-hidricas-redawn.eu\/pt-pt\/wp-json\/wp\/v2\/pages\/406\/revisions"}],"predecessor-version":[{"id":443,"href":"https:\/\/micro-hidricas-redawn.eu\/pt-pt\/wp-json\/wp\/v2\/pages\/406\/revisions\/443"}],"wp:attachment":[{"href":"https:\/\/micro-hidricas-redawn.eu\/pt-pt\/wp-json\/wp\/v2\/media?parent=406"}],"curies":[{"name":"wp","href":"https:\/\/api.w.org\/{rel}","templated":true}]}}