{"id":393,"date":"2021-01-08T15:01:43","date_gmt":"2021-01-08T15:01:43","guid":{"rendered":"https:\/\/mh-installation-redawn.eu\/location-description\/"},"modified":"2021-02-08T10:46:11","modified_gmt":"2021-02-08T10:46:11","slug":"location-description","status":"publish","type":"page","link":"https:\/\/micro-hidricas-redawn.eu\/pt-pt\/location-description\/","title":{"rendered":"Descri\u00e7\u00e3o Local"},"content":{"rendered":"<h2><strong>Descri\u00e7\u00e3o Local<\/strong><\/h2>\n<p>&nbsp;<\/p>\n<div role=\"form\" class=\"wpcf7\" id=\"wpcf7-f414-o1\" lang=\"pt-PT\" dir=\"ltr\">\n<div class=\"screen-reader-response\"><p role=\"status\" aria-live=\"polite\" aria-atomic=\"true\"><\/p> <ul><\/ul><\/div>\n<form action=\"\/pt-pt\/wp-json\/wp\/v2\/pages\/393#wpcf7-f414-o1\" method=\"post\" class=\"wpcf7-form init\" novalidate=\"novalidate\" data-status=\"init\">\n<div style=\"display: none;\">\n<input type=\"hidden\" name=\"_wpcf7\" value=\"414\" \/>\n<input type=\"hidden\" name=\"_wpcf7_version\" value=\"5.5.2\" \/>\n<input type=\"hidden\" name=\"_wpcf7_locale\" value=\"pt_PT\" \/>\n<input type=\"hidden\" name=\"_wpcf7_unit_tag\" value=\"wpcf7-f414-o1\" \/>\n<input type=\"hidden\" name=\"_wpcf7_container_post\" value=\"0\" \/>\n<input type=\"hidden\" name=\"_wpcf7_posted_data_hash\" value=\"\" \/>\n<\/div>\n<div class=\"column one-second\"><span class=\"wpcf7-form-control-wrap your-name\"><input type=\"text\" name=\"your-name\" value=\"\" size=\"40\" class=\"wpcf7-form-control wpcf7-text wpcf7-validates-as-required\" aria-required=\"true\" aria-invalid=\"false\" placeholder=\"Nome\" \/><\/span><\/div>\n<div class=\"column one-second\"><span class=\"wpcf7-form-control-wrap your-email\"><input type=\"email\" name=\"your-email\" value=\"\" size=\"40\" class=\"wpcf7-form-control wpcf7-text wpcf7-email wpcf7-validates-as-required wpcf7-validates-as-email\" aria-required=\"true\" aria-invalid=\"false\" placeholder=\"E-mail\" \/><\/span> <\/div>\n<div class=\"column one\"><span class=\"wpcf7-form-control-wrap DescriptionofExistingStructures\"><textarea name=\"DescriptionofExistingStructures\" cols=\"40\" rows=\"10\" class=\"wpcf7-form-control wpcf7-textarea\" aria-invalid=\"false\" placeholder=\"Descri\u00e7\u00e3o das estruturas existentes\"><\/textarea><\/span><\/div>\n<p>Type: <span class=\"wpcf7-form-control-wrap radio-604\"><span class=\"wpcf7-form-control wpcf7-radio\"><span class=\"wpcf7-list-item first\"><input type=\"radio\" name=\"radio-604\" value=\"Ind\u00fastria de Produto\" checked=\"checked\" \/><span class=\"wpcf7-list-item-label\">Ind\u00fastria de Produto<\/span><\/span><span class=\"wpcf7-list-item\"><input type=\"radio\" name=\"radio-604\" value=\"Rega\" \/><span class=\"wpcf7-list-item-label\">Rega<\/span><\/span><span class=\"wpcf7-list-item\"><input type=\"radio\" name=\"radio-604\" value=\"Distribui\u00e7\u00e3o de \u00c1gua\" \/><span class=\"wpcf7-list-item-label\">Distribui\u00e7\u00e3o de \u00c1gua<\/span><\/span><span class=\"wpcf7-list-item last\"><input type=\"radio\" name=\"radio-604\" value=\"Rio Natural\" \/><span class=\"wpcf7-list-item-label\">Rio Natural<\/span><\/span><\/span><\/span><\/p>\n<p><span class=\"wpcf7-form-control-wrap Locationallowsgooglelocation\"><input type=\"text\" name=\"Locationallowsgooglelocation\" value=\"\" size=\"40\" class=\"wpcf7-form-control wpcf7-text\" aria-invalid=\"false\" placeholder=\"Endere\u00e7o\" \/><\/span><\/p>\n<p><input type=\"submit\" value=\"ENVIE INFORMA\u00c7\u00c3O\" class=\"wpcf7-form-control has-spinner wpcf7-submit\" \/><\/p>\n<div class=\"wpcf7-response-output\" aria-hidden=\"true\"><\/div><\/form><\/div>\n","protected":false},"excerpt":{"rendered":"<p>Descri\u00e7\u00e3o Local &nbsp;<\/p>\n","protected":false},"author":1,"featured_media":0,"parent":0,"menu_order":0,"comment_status":"closed","ping_status":"closed","template":"","meta":[],"yoast_head":"<!-- This site is optimized with the Yoast SEO plugin v17.6 - https:\/\/yoast.com\/wordpress\/plugins\/seo\/ -->\n<title>Descri\u00e7\u00e3o Local - Micro Hydros<\/title>\n<meta name=\"robots\" content=\"index, follow, max-snippet:-1, max-image-preview:large, max-video-preview:-1\" \/>\n<link rel=\"canonical\" href=\"https:\/\/micro-hidricas-redawn.eu\/pt-pt\/location-description\/\" \/>\n<meta property=\"og:locale\" content=\"pt_PT\" \/>\n<meta property=\"og:type\" content=\"article\" \/>\n<meta property=\"og:title\" content=\"Descri\u00e7\u00e3o Local - Micro Hydros\" \/>\n<meta property=\"og:description\" content=\"Descri\u00e7\u00e3o Local &nbsp;\" \/>\n<meta property=\"og:url\" content=\"https:\/\/micro-hidricas-redawn.eu\/pt-pt\/location-description\/\" \/>\n<meta property=\"og:site_name\" content=\"Micro Hydros\" \/>\n<meta property=\"article:modified_time\" content=\"2021-02-08T10:46:11+00:00\" \/>\n<meta name=\"twitter:card\" content=\"summary_large_image\" \/>\n<script type=\"application\/ld+json\" class=\"yoast-schema-graph\">{\"@context\":\"https:\/\/schema.org\",\"@graph\":[{\"@type\":\"WebSite\",\"@id\":\"https:\/\/micro-hidricas-redawn.eu\/#website\",\"url\":\"https:\/\/micro-hidricas-redawn.eu\/\",\"name\":\"Micro Hydros\",\"description\":\"Create Your Energy\",\"potentialAction\":[{\"@type\":\"SearchAction\",\"target\":{\"@type\":\"EntryPoint\",\"urlTemplate\":\"https:\/\/micro-hidricas-redawn.eu\/?s={search_term_string}\"},\"query-input\":\"required name=search_term_string\"}],\"inLanguage\":\"pt-PT\"},{\"@type\":\"WebPage\",\"@id\":\"https:\/\/micro-hidricas-redawn.eu\/pt-pt\/location-description\/#webpage\",\"url\":\"https:\/\/micro-hidricas-redawn.eu\/pt-pt\/location-description\/\",\"name\":\"Descri\\u00e7\\u00e3o Local - Micro Hydros\",\"isPartOf\":{\"@id\":\"https:\/\/micro-hidricas-redawn.eu\/#website\"},\"datePublished\":\"2021-01-08T15:01:43+00:00\",\"dateModified\":\"2021-02-08T10:46:11+00:00\",\"breadcrumb\":{\"@id\":\"https:\/\/micro-hidricas-redawn.eu\/pt-pt\/location-description\/#breadcrumb\"},\"inLanguage\":\"pt-PT\",\"potentialAction\":[{\"@type\":\"ReadAction\",\"target\":[\"https:\/\/micro-hidricas-redawn.eu\/pt-pt\/location-description\/\"]}]},{\"@type\":\"BreadcrumbList\",\"@id\":\"https:\/\/micro-hidricas-redawn.eu\/pt-pt\/location-description\/#breadcrumb\",\"itemListElement\":[{\"@type\":\"ListItem\",\"position\":1,\"name\":\"Home\",\"item\":\"https:\/\/micro-hidricas-redawn.eu\/pt-pt\/\"},{\"@type\":\"ListItem\",\"position\":2,\"name\":\"Descri\\u00e7\\u00e3o Local\"}]}]}<\/script>\n<!-- \/ Yoast SEO plugin. -->","yoast_head_json":{"title":"Descri\u00e7\u00e3o Local - Micro Hydros","robots":{"index":"index","follow":"follow","max-snippet":"max-snippet:-1","max-image-preview":"max-image-preview:large","max-video-preview":"max-video-preview:-1"},"canonical":"https:\/\/micro-hidricas-redawn.eu\/pt-pt\/location-description\/","og_locale":"pt_PT","og_type":"article","og_title":"Descri\u00e7\u00e3o Local - Micro Hydros","og_description":"Descri\u00e7\u00e3o Local &nbsp;","og_url":"https:\/\/micro-hidricas-redawn.eu\/pt-pt\/location-description\/","og_site_name":"Micro Hydros","article_modified_time":"2021-02-08T10:46:11+00:00","twitter_card":"summary_large_image","schema":{"@context":"https:\/\/schema.org","@graph":[{"@type":"WebSite","@id":"https:\/\/micro-hidricas-redawn.eu\/#website","url":"https:\/\/micro-hidricas-redawn.eu\/","name":"Micro Hydros","description":"Create Your Energy","potentialAction":[{"@type":"SearchAction","target":{"@type":"EntryPoint","urlTemplate":"https:\/\/micro-hidricas-redawn.eu\/?s={search_term_string}"},"query-input":"required name=search_term_string"}],"inLanguage":"pt-PT"},{"@type":"WebPage","@id":"https:\/\/micro-hidricas-redawn.eu\/pt-pt\/location-description\/#webpage","url":"https:\/\/micro-hidricas-redawn.eu\/pt-pt\/location-description\/","name":"Descri\u00e7\u00e3o Local - Micro Hydros","isPartOf":{"@id":"https:\/\/micro-hidricas-redawn.eu\/#website"},"datePublished":"2021-01-08T15:01:43+00:00","dateModified":"2021-02-08T10:46:11+00:00","breadcrumb":{"@id":"https:\/\/micro-hidricas-redawn.eu\/pt-pt\/location-description\/#breadcrumb"},"inLanguage":"pt-PT","potentialAction":[{"@type":"ReadAction","target":["https:\/\/micro-hidricas-redawn.eu\/pt-pt\/location-description\/"]}]},{"@type":"BreadcrumbList","@id":"https:\/\/micro-hidricas-redawn.eu\/pt-pt\/location-description\/#breadcrumb","itemListElement":[{"@type":"ListItem","position":1,"name":"Home","item":"https:\/\/micro-hidricas-redawn.eu\/pt-pt\/"},{"@type":"ListItem","position":2,"name":"Descri\u00e7\u00e3o Local"}]}]}},"_links":{"self":[{"href":"https:\/\/micro-hidricas-redawn.eu\/pt-pt\/wp-json\/wp\/v2\/pages\/393"}],"collection":[{"href":"https:\/\/micro-hidricas-redawn.eu\/pt-pt\/wp-json\/wp\/v2\/pages"}],"about":[{"href":"https:\/\/micro-hidricas-redawn.eu\/pt-pt\/wp-json\/wp\/v2\/types\/page"}],"author":[{"embeddable":true,"href":"https:\/\/micro-hidricas-redawn.eu\/pt-pt\/wp-json\/wp\/v2\/users\/1"}],"replies":[{"embeddable":true,"href":"https:\/\/micro-hidricas-redawn.eu\/pt-pt\/wp-json\/wp\/v2\/comments?post=393"}],"version-history":[{"count":2,"href":"https:\/\/micro-hidricas-redawn.eu\/pt-pt\/wp-json\/wp\/v2\/pages\/393\/revisions"}],"predecessor-version":[{"id":395,"href":"https:\/\/micro-hidricas-redawn.eu\/pt-pt\/wp-json\/wp\/v2\/pages\/393\/revisions\/395"}],"wp:attachment":[{"href":"https:\/\/micro-hidricas-redawn.eu\/pt-pt\/wp-json\/wp\/v2\/media?parent=393"}],"curies":[{"name":"wp","href":"https:\/\/api.w.org\/{rel}","templated":true}]}}