{"id":370,"date":"2020-12-16T17:32:07","date_gmt":"2020-12-16T17:32:07","guid":{"rendered":"https:\/\/mh-installation-redawn.eu\/water-distribution\/"},"modified":"2021-02-08T10:16:44","modified_gmt":"2021-02-08T10:16:44","slug":"water-distribution","status":"publish","type":"page","link":"https:\/\/micro-hidricas-redawn.eu\/pt-pt\/water-distribution\/","title":{"rendered":"Distribui\u00e7\u00e3o de \u00c1gua"},"content":{"rendered":"","protected":false},"excerpt":{"rendered":"","protected":false},"author":1,"featured_media":0,"parent":0,"menu_order":0,"comment_status":"closed","ping_status":"closed","template":"","meta":[],"yoast_head":"<!-- This site is optimized with the Yoast SEO plugin v17.6 - https:\/\/yoast.com\/wordpress\/plugins\/seo\/ -->\n<title>Distribui\u00e7\u00e3o de \u00c1gua - Micro Hydros<\/title>\n<meta name=\"robots\" content=\"index, follow, max-snippet:-1, max-image-preview:large, max-video-preview:-1\" \/>\n<link rel=\"canonical\" href=\"https:\/\/micro-hidricas-redawn.eu\/pt-pt\/water-distribution\/\" \/>\n<meta property=\"og:locale\" content=\"pt_PT\" \/>\n<meta property=\"og:type\" content=\"article\" \/>\n<meta property=\"og:title\" content=\"Distribui\u00e7\u00e3o de \u00c1gua - Micro Hydros\" \/>\n<meta property=\"og:url\" content=\"https:\/\/micro-hidricas-redawn.eu\/pt-pt\/water-distribution\/\" \/>\n<meta property=\"og:site_name\" content=\"Micro Hydros\" \/>\n<meta property=\"article:modified_time\" content=\"2021-02-08T10:16:44+00:00\" \/>\n<meta name=\"twitter:card\" content=\"summary_large_image\" \/>\n<script type=\"application\/ld+json\" class=\"yoast-schema-graph\">{\"@context\":\"https:\/\/schema.org\",\"@graph\":[{\"@type\":\"WebSite\",\"@id\":\"https:\/\/micro-hidricas-redawn.eu\/#website\",\"url\":\"https:\/\/micro-hidricas-redawn.eu\/\",\"name\":\"Micro Hydros\",\"description\":\"Create Your Energy\",\"potentialAction\":[{\"@type\":\"SearchAction\",\"target\":{\"@type\":\"EntryPoint\",\"urlTemplate\":\"https:\/\/micro-hidricas-redawn.eu\/?s={search_term_string}\"},\"query-input\":\"required name=search_term_string\"}],\"inLanguage\":\"pt-PT\"},{\"@type\":\"WebPage\",\"@id\":\"https:\/\/micro-hidricas-redawn.eu\/pt-pt\/water-distribution\/#webpage\",\"url\":\"https:\/\/micro-hidricas-redawn.eu\/pt-pt\/water-distribution\/\",\"name\":\"Distribui\\u00e7\\u00e3o de \\u00c1gua - Micro Hydros\",\"isPartOf\":{\"@id\":\"https:\/\/micro-hidricas-redawn.eu\/#website\"},\"datePublished\":\"2020-12-16T17:32:07+00:00\",\"dateModified\":\"2021-02-08T10:16:44+00:00\",\"breadcrumb\":{\"@id\":\"https:\/\/micro-hidricas-redawn.eu\/pt-pt\/water-distribution\/#breadcrumb\"},\"inLanguage\":\"pt-PT\",\"potentialAction\":[{\"@type\":\"ReadAction\",\"target\":[\"https:\/\/micro-hidricas-redawn.eu\/pt-pt\/water-distribution\/\"]}]},{\"@type\":\"BreadcrumbList\",\"@id\":\"https:\/\/micro-hidricas-redawn.eu\/pt-pt\/water-distribution\/#breadcrumb\",\"itemListElement\":[{\"@type\":\"ListItem\",\"position\":1,\"name\":\"Home\",\"item\":\"https:\/\/micro-hidricas-redawn.eu\/pt-pt\/\"},{\"@type\":\"ListItem\",\"position\":2,\"name\":\"Distribui\\u00e7\\u00e3o de \\u00c1gua\"}]}]}<\/script>\n<!-- \/ Yoast SEO plugin. -->","yoast_head_json":{"title":"Distribui\u00e7\u00e3o de \u00c1gua - Micro Hydros","robots":{"index":"index","follow":"follow","max-snippet":"max-snippet:-1","max-image-preview":"max-image-preview:large","max-video-preview":"max-video-preview:-1"},"canonical":"https:\/\/micro-hidricas-redawn.eu\/pt-pt\/water-distribution\/","og_locale":"pt_PT","og_type":"article","og_title":"Distribui\u00e7\u00e3o de \u00c1gua - Micro Hydros","og_url":"https:\/\/micro-hidricas-redawn.eu\/pt-pt\/water-distribution\/","og_site_name":"Micro Hydros","article_modified_time":"2021-02-08T10:16:44+00:00","twitter_card":"summary_large_image","schema":{"@context":"https:\/\/schema.org","@graph":[{"@type":"WebSite","@id":"https:\/\/micro-hidricas-redawn.eu\/#website","url":"https:\/\/micro-hidricas-redawn.eu\/","name":"Micro Hydros","description":"Create Your Energy","potentialAction":[{"@type":"SearchAction","target":{"@type":"EntryPoint","urlTemplate":"https:\/\/micro-hidricas-redawn.eu\/?s={search_term_string}"},"query-input":"required name=search_term_string"}],"inLanguage":"pt-PT"},{"@type":"WebPage","@id":"https:\/\/micro-hidricas-redawn.eu\/pt-pt\/water-distribution\/#webpage","url":"https:\/\/micro-hidricas-redawn.eu\/pt-pt\/water-distribution\/","name":"Distribui\u00e7\u00e3o de \u00c1gua - Micro Hydros","isPartOf":{"@id":"https:\/\/micro-hidricas-redawn.eu\/#website"},"datePublished":"2020-12-16T17:32:07+00:00","dateModified":"2021-02-08T10:16:44+00:00","breadcrumb":{"@id":"https:\/\/micro-hidricas-redawn.eu\/pt-pt\/water-distribution\/#breadcrumb"},"inLanguage":"pt-PT","potentialAction":[{"@type":"ReadAction","target":["https:\/\/micro-hidricas-redawn.eu\/pt-pt\/water-distribution\/"]}]},{"@type":"BreadcrumbList","@id":"https:\/\/micro-hidricas-redawn.eu\/pt-pt\/water-distribution\/#breadcrumb","itemListElement":[{"@type":"ListItem","position":1,"name":"Home","item":"https:\/\/micro-hidricas-redawn.eu\/pt-pt\/"},{"@type":"ListItem","position":2,"name":"Distribui\u00e7\u00e3o de \u00c1gua"}]}]}},"_links":{"self":[{"href":"https:\/\/micro-hidricas-redawn.eu\/pt-pt\/wp-json\/wp\/v2\/pages\/370"}],"collection":[{"href":"https:\/\/micro-hidricas-redawn.eu\/pt-pt\/wp-json\/wp\/v2\/pages"}],"about":[{"href":"https:\/\/micro-hidricas-redawn.eu\/pt-pt\/wp-json\/wp\/v2\/types\/page"}],"author":[{"embeddable":true,"href":"https:\/\/micro-hidricas-redawn.eu\/pt-pt\/wp-json\/wp\/v2\/users\/1"}],"replies":[{"embeddable":true,"href":"https:\/\/micro-hidricas-redawn.eu\/pt-pt\/wp-json\/wp\/v2\/comments?post=370"}],"version-history":[{"count":1,"href":"https:\/\/micro-hidricas-redawn.eu\/pt-pt\/wp-json\/wp\/v2\/pages\/370\/revisions"}],"predecessor-version":[{"id":373,"href":"https:\/\/micro-hidricas-redawn.eu\/pt-pt\/wp-json\/wp\/v2\/pages\/370\/revisions\/373"}],"wp:attachment":[{"href":"https:\/\/micro-hidricas-redawn.eu\/pt-pt\/wp-json\/wp\/v2\/media?parent=370"}],"curies":[{"name":"wp","href":"https:\/\/api.w.org\/{rel}","templated":true}]}}