{"id":361,"date":"2020-12-16T16:53:11","date_gmt":"2020-12-16T16:53:11","guid":{"rendered":"https:\/\/mh-installation-redawn.eu\/industry\/"},"modified":"2024-02-29T16:52:04","modified_gmt":"2024-02-29T16:52:04","slug":"industry","status":"publish","type":"page","link":"https:\/\/micro-hidricas-redawn.eu\/pt-pt\/industry\/","title":{"rendered":"Industria"},"content":{"rendered":"<p>&nbsp;<\/p>\n<p>&nbsp;<\/p>\n<p><strong>Renova S.A. \u2013 Portugal<\/strong><\/p>\n<p>A RENOVA S.A. \u00e9 uma importante ind\u00fastria papeleira que exporta globalmente para mais de 170 pa\u00edses, estando localizada na regi\u00e3o centro de Portugal.<\/p>\n<p>As suas duas instala\u00e7\u00f5es pr\u00f3ximas da cidade de Torres Novas disp\u00f5em de v\u00e1rios circuitos hidr\u00e1ulicos, com diferentes propostas, sendo um deles identificado como apto para a instala\u00e7\u00e3o de uma Micro Hidroel\u00e9ctrica. O circuito selecionado transporta os efluentes de uma Esta\u00e7\u00e3o de Tratamento de \u00c1gua (ETA), inserida na instala\u00e7\u00e3o e que pertence \u00e0 RENOVA, at\u00e9 ao rio natural pr\u00f3ximo, o Rio Almonda.<\/p>\n","protected":false},"excerpt":{"rendered":"<p>&nbsp; &nbsp; Renova S.A. \u2013 Portugal A RENOVA S.A. \u00e9 uma importante ind\u00fastria papeleira que exporta globalmente para mais de 170 pa\u00edses, estando localizada na regi\u00e3o<span class=\"excerpt-hellip\"> [\u2026]<\/span><\/p>\n","protected":false},"author":1,"featured_media":0,"parent":0,"menu_order":0,"comment_status":"closed","ping_status":"closed","template":"","meta":[],"yoast_head":"<!-- This site is optimized with the Yoast SEO plugin v17.6 - https:\/\/yoast.com\/wordpress\/plugins\/seo\/ -->\n<title>Industria - Micro Hydros<\/title>\n<meta name=\"robots\" content=\"index, follow, max-snippet:-1, max-image-preview:large, max-video-preview:-1\" \/>\n<link rel=\"canonical\" href=\"https:\/\/micro-hidricas-redawn.eu\/pt-pt\/industry\/\" \/>\n<meta property=\"og:locale\" content=\"pt_PT\" \/>\n<meta property=\"og:type\" content=\"article\" \/>\n<meta property=\"og:title\" content=\"Industria - Micro Hydros\" \/>\n<meta property=\"og:description\" content=\"&nbsp; &nbsp; Renova S.A. \u2013 Portugal A RENOVA S.A. \u00e9 uma importante ind\u00fastria papeleira que exporta globalmente para mais de 170 pa\u00edses, estando localizada na regi\u00e3o [\u2026]\" \/>\n<meta property=\"og:url\" content=\"https:\/\/micro-hidricas-redawn.eu\/pt-pt\/industry\/\" \/>\n<meta property=\"og:site_name\" content=\"Micro Hydros\" \/>\n<meta property=\"article:modified_time\" content=\"2024-02-29T16:52:04+00:00\" \/>\n<meta name=\"twitter:card\" content=\"summary_large_image\" \/>\n<meta name=\"twitter:label1\" content=\"Tempo estimado de leitura\" \/>\n\t<meta name=\"twitter:data1\" content=\"1 minuto\" \/>\n<script type=\"application\/ld+json\" class=\"yoast-schema-graph\">{\"@context\":\"https:\/\/schema.org\",\"@graph\":[{\"@type\":\"WebSite\",\"@id\":\"https:\/\/micro-hidricas-redawn.eu\/#website\",\"url\":\"https:\/\/micro-hidricas-redawn.eu\/\",\"name\":\"Micro Hydros\",\"description\":\"Create Your Energy\",\"potentialAction\":[{\"@type\":\"SearchAction\",\"target\":{\"@type\":\"EntryPoint\",\"urlTemplate\":\"https:\/\/micro-hidricas-redawn.eu\/?s={search_term_string}\"},\"query-input\":\"required name=search_term_string\"}],\"inLanguage\":\"pt-PT\"},{\"@type\":\"WebPage\",\"@id\":\"https:\/\/micro-hidricas-redawn.eu\/pt-pt\/industry\/#webpage\",\"url\":\"https:\/\/micro-hidricas-redawn.eu\/pt-pt\/industry\/\",\"name\":\"Industria - Micro Hydros\",\"isPartOf\":{\"@id\":\"https:\/\/micro-hidricas-redawn.eu\/#website\"},\"datePublished\":\"2020-12-16T16:53:11+00:00\",\"dateModified\":\"2024-02-29T16:52:04+00:00\",\"breadcrumb\":{\"@id\":\"https:\/\/micro-hidricas-redawn.eu\/pt-pt\/industry\/#breadcrumb\"},\"inLanguage\":\"pt-PT\",\"potentialAction\":[{\"@type\":\"ReadAction\",\"target\":[\"https:\/\/micro-hidricas-redawn.eu\/pt-pt\/industry\/\"]}]},{\"@type\":\"BreadcrumbList\",\"@id\":\"https:\/\/micro-hidricas-redawn.eu\/pt-pt\/industry\/#breadcrumb\",\"itemListElement\":[{\"@type\":\"ListItem\",\"position\":1,\"name\":\"Home\",\"item\":\"https:\/\/micro-hidricas-redawn.eu\/pt-pt\/\"},{\"@type\":\"ListItem\",\"position\":2,\"name\":\"Industria\"}]}]}<\/script>\n<!-- \/ Yoast SEO plugin. -->","yoast_head_json":{"title":"Industria - Micro Hydros","robots":{"index":"index","follow":"follow","max-snippet":"max-snippet:-1","max-image-preview":"max-image-preview:large","max-video-preview":"max-video-preview:-1"},"canonical":"https:\/\/micro-hidricas-redawn.eu\/pt-pt\/industry\/","og_locale":"pt_PT","og_type":"article","og_title":"Industria - Micro Hydros","og_description":"&nbsp; &nbsp; Renova S.A. \u2013 Portugal A RENOVA S.A. \u00e9 uma importante ind\u00fastria papeleira que exporta globalmente para mais de 170 pa\u00edses, estando localizada na regi\u00e3o [\u2026]","og_url":"https:\/\/micro-hidricas-redawn.eu\/pt-pt\/industry\/","og_site_name":"Micro Hydros","article_modified_time":"2024-02-29T16:52:04+00:00","twitter_card":"summary_large_image","twitter_misc":{"Tempo estimado de leitura":"1 minuto"},"schema":{"@context":"https:\/\/schema.org","@graph":[{"@type":"WebSite","@id":"https:\/\/micro-hidricas-redawn.eu\/#website","url":"https:\/\/micro-hidricas-redawn.eu\/","name":"Micro Hydros","description":"Create Your Energy","potentialAction":[{"@type":"SearchAction","target":{"@type":"EntryPoint","urlTemplate":"https:\/\/micro-hidricas-redawn.eu\/?s={search_term_string}"},"query-input":"required name=search_term_string"}],"inLanguage":"pt-PT"},{"@type":"WebPage","@id":"https:\/\/micro-hidricas-redawn.eu\/pt-pt\/industry\/#webpage","url":"https:\/\/micro-hidricas-redawn.eu\/pt-pt\/industry\/","name":"Industria - Micro Hydros","isPartOf":{"@id":"https:\/\/micro-hidricas-redawn.eu\/#website"},"datePublished":"2020-12-16T16:53:11+00:00","dateModified":"2024-02-29T16:52:04+00:00","breadcrumb":{"@id":"https:\/\/micro-hidricas-redawn.eu\/pt-pt\/industry\/#breadcrumb"},"inLanguage":"pt-PT","potentialAction":[{"@type":"ReadAction","target":["https:\/\/micro-hidricas-redawn.eu\/pt-pt\/industry\/"]}]},{"@type":"BreadcrumbList","@id":"https:\/\/micro-hidricas-redawn.eu\/pt-pt\/industry\/#breadcrumb","itemListElement":[{"@type":"ListItem","position":1,"name":"Home","item":"https:\/\/micro-hidricas-redawn.eu\/pt-pt\/"},{"@type":"ListItem","position":2,"name":"Industria"}]}]}},"_links":{"self":[{"href":"https:\/\/micro-hidricas-redawn.eu\/pt-pt\/wp-json\/wp\/v2\/pages\/361"}],"collection":[{"href":"https:\/\/micro-hidricas-redawn.eu\/pt-pt\/wp-json\/wp\/v2\/pages"}],"about":[{"href":"https:\/\/micro-hidricas-redawn.eu\/pt-pt\/wp-json\/wp\/v2\/types\/page"}],"author":[{"embeddable":true,"href":"https:\/\/micro-hidricas-redawn.eu\/pt-pt\/wp-json\/wp\/v2\/users\/1"}],"replies":[{"embeddable":true,"href":"https:\/\/micro-hidricas-redawn.eu\/pt-pt\/wp-json\/wp\/v2\/comments?post=361"}],"version-history":[{"count":4,"href":"https:\/\/micro-hidricas-redawn.eu\/pt-pt\/wp-json\/wp\/v2\/pages\/361\/revisions"}],"predecessor-version":[{"id":444,"href":"https:\/\/micro-hidricas-redawn.eu\/pt-pt\/wp-json\/wp\/v2\/pages\/361\/revisions\/444"}],"wp:attachment":[{"href":"https:\/\/micro-hidricas-redawn.eu\/pt-pt\/wp-json\/wp\/v2\/media?parent=361"}],"curies":[{"name":"wp","href":"https:\/\/api.w.org\/{rel}","templated":true}]}}