{"id":329,"date":"2020-12-16T16:34:19","date_gmt":"2020-12-16T16:34:19","guid":{"rendered":"https:\/\/hidropower.iberweb.eu\/what-is-a-micro-hydro\/"},"modified":"2023-11-08T15:59:24","modified_gmt":"2023-11-08T15:59:24","slug":"what-is-a-micro-hydro","status":"publish","type":"page","link":"https:\/\/micro-hidricas-redawn.eu\/pt-pt\/what-is-a-micro-hydro\/","title":{"rendered":"O que \u00e9 uma Micro H\u00eddrica?"},"content":{"rendered":"<p>A micro-h\u00eddrica \u00e9 um tipo de esta\u00e7\u00e3o hidroel\u00e9trica que apresenta uma pot\u00eancia instalada inferior a 150 kW. Estas pequenas centrais podem fornecer energia a uma casa isolada, a uma pequena comunidade, ou podem ser conectadas \u00e0 rede p\u00fablica de energia el\u00e9trica.<\/p>\n<p>Com a implanta\u00e7\u00e3o de uma micro-h\u00eddrica tira-se partido de instala\u00e7\u00f5es existentes \u00e0s quais \u00e9 adaptada uma micro &#8211; turbina, convertendo o fluxo e a press\u00e3o da \u00e1gua em energia el\u00e9trica, desde que esteja garantido um fluxo m\u00ednimo de \u00e1gua dispon\u00edvel o ano todo, ou em grande parte do ano.<\/p>\n<p>Estas instala\u00e7\u00f5es t\u00eam ainda a vantagem de gerar energia \u201climpa\u201d, isto \u00e9, que n\u00e3o d\u00e1 origem \u00e0 emiss\u00e3o de CO2 para a atmosfera, sendo assim pouco ou nada prejudicial ao ambiente. A electricidade obtida \u00e9 assim fornecida a partir de uma fonte renov\u00e1vel e usando um processo sustent\u00e1vel.<\/p>\n","protected":false},"excerpt":{"rendered":"<p>A micro-h\u00eddrica \u00e9 um tipo de esta\u00e7\u00e3o hidroel\u00e9trica que apresenta uma pot\u00eancia instalada inferior a 150 kW. Estas pequenas centrais podem fornecer energia a uma casa<span class=\"excerpt-hellip\"> [\u2026]<\/span><\/p>\n","protected":false},"author":1,"featured_media":0,"parent":0,"menu_order":0,"comment_status":"closed","ping_status":"closed","template":"","meta":[],"yoast_head":"<!-- This site is optimized with the Yoast SEO plugin v17.6 - https:\/\/yoast.com\/wordpress\/plugins\/seo\/ -->\n<title>O que \u00e9 uma Micro H\u00eddrica? - Micro Hydros<\/title>\n<meta name=\"robots\" content=\"index, follow, max-snippet:-1, max-image-preview:large, max-video-preview:-1\" \/>\n<link rel=\"canonical\" href=\"https:\/\/micro-hidricas-redawn.eu\/pt-pt\/what-is-a-micro-hydro\/\" \/>\n<meta property=\"og:locale\" content=\"pt_PT\" \/>\n<meta property=\"og:type\" content=\"article\" \/>\n<meta property=\"og:title\" content=\"O que \u00e9 uma Micro H\u00eddrica? - Micro Hydros\" \/>\n<meta property=\"og:description\" content=\"A micro-h\u00eddrica \u00e9 um tipo de esta\u00e7\u00e3o hidroel\u00e9trica que apresenta uma pot\u00eancia instalada inferior a 150 kW. Estas pequenas centrais podem fornecer energia a uma casa [\u2026]\" \/>\n<meta property=\"og:url\" content=\"https:\/\/micro-hidricas-redawn.eu\/pt-pt\/what-is-a-micro-hydro\/\" \/>\n<meta property=\"og:site_name\" content=\"Micro Hydros\" \/>\n<meta property=\"article:modified_time\" content=\"2023-11-08T15:59:24+00:00\" \/>\n<meta name=\"twitter:card\" content=\"summary_large_image\" \/>\n<meta name=\"twitter:label1\" content=\"Tempo estimado de leitura\" \/>\n\t<meta name=\"twitter:data1\" content=\"1 minuto\" \/>\n<script type=\"application\/ld+json\" class=\"yoast-schema-graph\">{\"@context\":\"https:\/\/schema.org\",\"@graph\":[{\"@type\":\"WebSite\",\"@id\":\"https:\/\/micro-hidricas-redawn.eu\/#website\",\"url\":\"https:\/\/micro-hidricas-redawn.eu\/\",\"name\":\"Micro Hydros\",\"description\":\"Create Your Energy\",\"potentialAction\":[{\"@type\":\"SearchAction\",\"target\":{\"@type\":\"EntryPoint\",\"urlTemplate\":\"https:\/\/micro-hidricas-redawn.eu\/?s={search_term_string}\"},\"query-input\":\"required name=search_term_string\"}],\"inLanguage\":\"pt-PT\"},{\"@type\":\"WebPage\",\"@id\":\"https:\/\/micro-hidricas-redawn.eu\/pt-pt\/what-is-a-micro-hydro\/#webpage\",\"url\":\"https:\/\/micro-hidricas-redawn.eu\/pt-pt\/what-is-a-micro-hydro\/\",\"name\":\"O que \\u00e9 uma Micro H\\u00eddrica? - Micro Hydros\",\"isPartOf\":{\"@id\":\"https:\/\/micro-hidricas-redawn.eu\/#website\"},\"datePublished\":\"2020-12-16T16:34:19+00:00\",\"dateModified\":\"2023-11-08T15:59:24+00:00\",\"breadcrumb\":{\"@id\":\"https:\/\/micro-hidricas-redawn.eu\/pt-pt\/what-is-a-micro-hydro\/#breadcrumb\"},\"inLanguage\":\"pt-PT\",\"potentialAction\":[{\"@type\":\"ReadAction\",\"target\":[\"https:\/\/micro-hidricas-redawn.eu\/pt-pt\/what-is-a-micro-hydro\/\"]}]},{\"@type\":\"BreadcrumbList\",\"@id\":\"https:\/\/micro-hidricas-redawn.eu\/pt-pt\/what-is-a-micro-hydro\/#breadcrumb\",\"itemListElement\":[{\"@type\":\"ListItem\",\"position\":1,\"name\":\"Home\",\"item\":\"https:\/\/micro-hidricas-redawn.eu\/pt-pt\/\"},{\"@type\":\"ListItem\",\"position\":2,\"name\":\"O que \\u00e9 uma Micro H\\u00eddrica?\"}]}]}<\/script>\n<!-- \/ Yoast SEO plugin. -->","yoast_head_json":{"title":"O que \u00e9 uma Micro H\u00eddrica? - Micro Hydros","robots":{"index":"index","follow":"follow","max-snippet":"max-snippet:-1","max-image-preview":"max-image-preview:large","max-video-preview":"max-video-preview:-1"},"canonical":"https:\/\/micro-hidricas-redawn.eu\/pt-pt\/what-is-a-micro-hydro\/","og_locale":"pt_PT","og_type":"article","og_title":"O que \u00e9 uma Micro H\u00eddrica? - Micro Hydros","og_description":"A micro-h\u00eddrica \u00e9 um tipo de esta\u00e7\u00e3o hidroel\u00e9trica que apresenta uma pot\u00eancia instalada inferior a 150 kW. Estas pequenas centrais podem fornecer energia a uma casa [\u2026]","og_url":"https:\/\/micro-hidricas-redawn.eu\/pt-pt\/what-is-a-micro-hydro\/","og_site_name":"Micro Hydros","article_modified_time":"2023-11-08T15:59:24+00:00","twitter_card":"summary_large_image","twitter_misc":{"Tempo estimado de leitura":"1 minuto"},"schema":{"@context":"https:\/\/schema.org","@graph":[{"@type":"WebSite","@id":"https:\/\/micro-hidricas-redawn.eu\/#website","url":"https:\/\/micro-hidricas-redawn.eu\/","name":"Micro Hydros","description":"Create Your Energy","potentialAction":[{"@type":"SearchAction","target":{"@type":"EntryPoint","urlTemplate":"https:\/\/micro-hidricas-redawn.eu\/?s={search_term_string}"},"query-input":"required name=search_term_string"}],"inLanguage":"pt-PT"},{"@type":"WebPage","@id":"https:\/\/micro-hidricas-redawn.eu\/pt-pt\/what-is-a-micro-hydro\/#webpage","url":"https:\/\/micro-hidricas-redawn.eu\/pt-pt\/what-is-a-micro-hydro\/","name":"O que \u00e9 uma Micro H\u00eddrica? - Micro Hydros","isPartOf":{"@id":"https:\/\/micro-hidricas-redawn.eu\/#website"},"datePublished":"2020-12-16T16:34:19+00:00","dateModified":"2023-11-08T15:59:24+00:00","breadcrumb":{"@id":"https:\/\/micro-hidricas-redawn.eu\/pt-pt\/what-is-a-micro-hydro\/#breadcrumb"},"inLanguage":"pt-PT","potentialAction":[{"@type":"ReadAction","target":["https:\/\/micro-hidricas-redawn.eu\/pt-pt\/what-is-a-micro-hydro\/"]}]},{"@type":"BreadcrumbList","@id":"https:\/\/micro-hidricas-redawn.eu\/pt-pt\/what-is-a-micro-hydro\/#breadcrumb","itemListElement":[{"@type":"ListItem","position":1,"name":"Home","item":"https:\/\/micro-hidricas-redawn.eu\/pt-pt\/"},{"@type":"ListItem","position":2,"name":"O que \u00e9 uma Micro H\u00eddrica?"}]}]}},"_links":{"self":[{"href":"https:\/\/micro-hidricas-redawn.eu\/pt-pt\/wp-json\/wp\/v2\/pages\/329"}],"collection":[{"href":"https:\/\/micro-hidricas-redawn.eu\/pt-pt\/wp-json\/wp\/v2\/pages"}],"about":[{"href":"https:\/\/micro-hidricas-redawn.eu\/pt-pt\/wp-json\/wp\/v2\/types\/page"}],"author":[{"embeddable":true,"href":"https:\/\/micro-hidricas-redawn.eu\/pt-pt\/wp-json\/wp\/v2\/users\/1"}],"replies":[{"embeddable":true,"href":"https:\/\/micro-hidricas-redawn.eu\/pt-pt\/wp-json\/wp\/v2\/comments?post=329"}],"version-history":[{"count":7,"href":"https:\/\/micro-hidricas-redawn.eu\/pt-pt\/wp-json\/wp\/v2\/pages\/329\/revisions"}],"predecessor-version":[{"id":436,"href":"https:\/\/micro-hidricas-redawn.eu\/pt-pt\/wp-json\/wp\/v2\/pages\/329\/revisions\/436"}],"wp:attachment":[{"href":"https:\/\/micro-hidricas-redawn.eu\/pt-pt\/wp-json\/wp\/v2\/media?parent=329"}],"curies":[{"name":"wp","href":"https:\/\/api.w.org\/{rel}","templated":true}]}}