{"id":325,"date":"2020-12-16T15:46:43","date_gmt":"2020-12-16T15:46:43","guid":{"rendered":"https:\/\/hidropower.iberweb.eu\/redawn-2\/"},"modified":"2021-01-27T17:21:30","modified_gmt":"2021-01-27T17:21:30","slug":"redawn-2","status":"publish","type":"page","link":"https:\/\/micro-hidricas-redawn.eu\/pt-pt\/redawn-2\/","title":{"rendered":"REDAWN"},"content":{"rendered":"<p>REDAWN \u2013 Reducing Energy Dependency in Atlantic Area Water Networks (Redu\u00e7\u00e3o da Depend\u00eancia Energ\u00e9tica das Redes de \u00c1gua na Area Atl\u00e2ntica)<\/p>\n<p>\u00c9 um Projecto Europeu financiado pelo Programa INTER-REG ATLANTIC AREA, durante o per\u00edodo 2017-2020 \u2013 no \u00e2mbito do qual foi desenvolvida esta plataforma electr\u00f3nica, <strong>a qual tem como objectivo apoi\u00e1-lo a si no Projecto e Constru\u00e7\u00e3o da sua Micro-H\u00eddrica.<\/strong><\/p>\n<p>REDAWN foi desenvolvido por 9 PARTNERS, provenientes da \u00c1rea Atl\u00e2ntica da Europa:<\/p>\n<p>&nbsp;<\/p>\n<p>&nbsp;<\/p>\n<p>Se est\u00e1 curioso e quer saber mais a respeito do Projecto REDAWN pf clique <strong>aqui.<\/strong><\/p>\n","protected":false},"excerpt":{"rendered":"<p>REDAWN \u2013 Reducing Energy Dependency in Atlantic Area Water Networks (Redu\u00e7\u00e3o da Depend\u00eancia Energ\u00e9tica das Redes de \u00c1gua na Area Atl\u00e2ntica) \u00c9 um Projecto Europeu financiado<span class=\"excerpt-hellip\"> [\u2026]<\/span><\/p>\n","protected":false},"author":1,"featured_media":0,"parent":0,"menu_order":0,"comment_status":"closed","ping_status":"closed","template":"","meta":[],"yoast_head":"<!-- This site is optimized with the Yoast SEO plugin v17.6 - https:\/\/yoast.com\/wordpress\/plugins\/seo\/ -->\n<title>REDAWN - Micro Hydros<\/title>\n<meta name=\"robots\" content=\"index, follow, max-snippet:-1, max-image-preview:large, max-video-preview:-1\" \/>\n<link rel=\"canonical\" href=\"https:\/\/micro-hidricas-redawn.eu\/pt-pt\/redawn-2\/\" \/>\n<meta property=\"og:locale\" content=\"pt_PT\" \/>\n<meta property=\"og:type\" content=\"article\" \/>\n<meta property=\"og:title\" content=\"REDAWN - Micro Hydros\" \/>\n<meta property=\"og:description\" content=\"REDAWN \u2013 Reducing Energy Dependency in Atlantic Area Water Networks (Redu\u00e7\u00e3o da Depend\u00eancia Energ\u00e9tica das Redes de \u00c1gua na Area Atl\u00e2ntica) \u00c9 um Projecto Europeu financiado [\u2026]\" \/>\n<meta property=\"og:url\" content=\"https:\/\/micro-hidricas-redawn.eu\/pt-pt\/redawn-2\/\" \/>\n<meta property=\"og:site_name\" content=\"Micro Hydros\" \/>\n<meta property=\"article:modified_time\" content=\"2021-01-27T17:21:30+00:00\" \/>\n<meta name=\"twitter:card\" content=\"summary_large_image\" \/>\n<script type=\"application\/ld+json\" class=\"yoast-schema-graph\">{\"@context\":\"https:\/\/schema.org\",\"@graph\":[{\"@type\":\"WebSite\",\"@id\":\"https:\/\/micro-hidricas-redawn.eu\/#website\",\"url\":\"https:\/\/micro-hidricas-redawn.eu\/\",\"name\":\"Micro Hydros\",\"description\":\"Create Your Energy\",\"potentialAction\":[{\"@type\":\"SearchAction\",\"target\":{\"@type\":\"EntryPoint\",\"urlTemplate\":\"https:\/\/micro-hidricas-redawn.eu\/?s={search_term_string}\"},\"query-input\":\"required name=search_term_string\"}],\"inLanguage\":\"pt-PT\"},{\"@type\":\"WebPage\",\"@id\":\"https:\/\/micro-hidricas-redawn.eu\/pt-pt\/redawn-2\/#webpage\",\"url\":\"https:\/\/micro-hidricas-redawn.eu\/pt-pt\/redawn-2\/\",\"name\":\"REDAWN - Micro Hydros\",\"isPartOf\":{\"@id\":\"https:\/\/micro-hidricas-redawn.eu\/#website\"},\"datePublished\":\"2020-12-16T15:46:43+00:00\",\"dateModified\":\"2021-01-27T17:21:30+00:00\",\"breadcrumb\":{\"@id\":\"https:\/\/micro-hidricas-redawn.eu\/pt-pt\/redawn-2\/#breadcrumb\"},\"inLanguage\":\"pt-PT\",\"potentialAction\":[{\"@type\":\"ReadAction\",\"target\":[\"https:\/\/micro-hidricas-redawn.eu\/pt-pt\/redawn-2\/\"]}]},{\"@type\":\"BreadcrumbList\",\"@id\":\"https:\/\/micro-hidricas-redawn.eu\/pt-pt\/redawn-2\/#breadcrumb\",\"itemListElement\":[{\"@type\":\"ListItem\",\"position\":1,\"name\":\"Home\",\"item\":\"https:\/\/micro-hidricas-redawn.eu\/pt-pt\/\"},{\"@type\":\"ListItem\",\"position\":2,\"name\":\"REDAWN\"}]}]}<\/script>\n<!-- \/ Yoast SEO plugin. -->","yoast_head_json":{"title":"REDAWN - Micro Hydros","robots":{"index":"index","follow":"follow","max-snippet":"max-snippet:-1","max-image-preview":"max-image-preview:large","max-video-preview":"max-video-preview:-1"},"canonical":"https:\/\/micro-hidricas-redawn.eu\/pt-pt\/redawn-2\/","og_locale":"pt_PT","og_type":"article","og_title":"REDAWN - Micro Hydros","og_description":"REDAWN \u2013 Reducing Energy Dependency in Atlantic Area Water Networks (Redu\u00e7\u00e3o da Depend\u00eancia Energ\u00e9tica das Redes de \u00c1gua na Area Atl\u00e2ntica) \u00c9 um Projecto Europeu financiado [\u2026]","og_url":"https:\/\/micro-hidricas-redawn.eu\/pt-pt\/redawn-2\/","og_site_name":"Micro Hydros","article_modified_time":"2021-01-27T17:21:30+00:00","twitter_card":"summary_large_image","schema":{"@context":"https:\/\/schema.org","@graph":[{"@type":"WebSite","@id":"https:\/\/micro-hidricas-redawn.eu\/#website","url":"https:\/\/micro-hidricas-redawn.eu\/","name":"Micro Hydros","description":"Create Your Energy","potentialAction":[{"@type":"SearchAction","target":{"@type":"EntryPoint","urlTemplate":"https:\/\/micro-hidricas-redawn.eu\/?s={search_term_string}"},"query-input":"required name=search_term_string"}],"inLanguage":"pt-PT"},{"@type":"WebPage","@id":"https:\/\/micro-hidricas-redawn.eu\/pt-pt\/redawn-2\/#webpage","url":"https:\/\/micro-hidricas-redawn.eu\/pt-pt\/redawn-2\/","name":"REDAWN - Micro Hydros","isPartOf":{"@id":"https:\/\/micro-hidricas-redawn.eu\/#website"},"datePublished":"2020-12-16T15:46:43+00:00","dateModified":"2021-01-27T17:21:30+00:00","breadcrumb":{"@id":"https:\/\/micro-hidricas-redawn.eu\/pt-pt\/redawn-2\/#breadcrumb"},"inLanguage":"pt-PT","potentialAction":[{"@type":"ReadAction","target":["https:\/\/micro-hidricas-redawn.eu\/pt-pt\/redawn-2\/"]}]},{"@type":"BreadcrumbList","@id":"https:\/\/micro-hidricas-redawn.eu\/pt-pt\/redawn-2\/#breadcrumb","itemListElement":[{"@type":"ListItem","position":1,"name":"Home","item":"https:\/\/micro-hidricas-redawn.eu\/pt-pt\/"},{"@type":"ListItem","position":2,"name":"REDAWN"}]}]}},"_links":{"self":[{"href":"https:\/\/micro-hidricas-redawn.eu\/pt-pt\/wp-json\/wp\/v2\/pages\/325"}],"collection":[{"href":"https:\/\/micro-hidricas-redawn.eu\/pt-pt\/wp-json\/wp\/v2\/pages"}],"about":[{"href":"https:\/\/micro-hidricas-redawn.eu\/pt-pt\/wp-json\/wp\/v2\/types\/page"}],"author":[{"embeddable":true,"href":"https:\/\/micro-hidricas-redawn.eu\/pt-pt\/wp-json\/wp\/v2\/users\/1"}],"replies":[{"embeddable":true,"href":"https:\/\/micro-hidricas-redawn.eu\/pt-pt\/wp-json\/wp\/v2\/comments?post=325"}],"version-history":[{"count":1,"href":"https:\/\/micro-hidricas-redawn.eu\/pt-pt\/wp-json\/wp\/v2\/pages\/325\/revisions"}],"predecessor-version":[{"id":327,"href":"https:\/\/micro-hidricas-redawn.eu\/pt-pt\/wp-json\/wp\/v2\/pages\/325\/revisions\/327"}],"wp:attachment":[{"href":"https:\/\/micro-hidricas-redawn.eu\/pt-pt\/wp-json\/wp\/v2\/media?parent=325"}],"curies":[{"name":"wp","href":"https:\/\/api.w.org\/{rel}","templated":true}]}}